{"id":365,"date":"2020-03-18T10:15:19","date_gmt":"2020-03-18T09:15:19","guid":{"rendered":"https:\/\/expression-coiffure.fr\/?page_id=365"},"modified":"2020-04-22T16:23:23","modified_gmt":"2020-04-22T14:23:23","slug":"votre-salon","status":"publish","type":"page","link":"https:\/\/expression-coiffure.fr\/en\/votre-salon\/","title":{"rendered":"Votre Salon"},"content":{"rendered":"<div data-elementor-type=\"wp-page\" data-elementor-id=\"365\" class=\"elementor elementor-365\" data-elementor-post-type=\"page\">\n\t\t\t\t\t\t<section class=\"elementor-section elementor-top-section elementor-element elementor-element-27854548 elementor-section-boxed elementor-section-height-default elementor-section-height-default\" data-id=\"27854548\" data-element_type=\"section\" data-e-type=\"section\">\n\t\t\t\t\t\t<div class=\"elementor-container elementor-column-gap-default\">\n\t\t\t\t\t<div class=\"elementor-column elementor-col-100 elementor-top-column elementor-element elementor-element-656d68a\" data-id=\"656d68a\" data-element_type=\"column\" data-e-type=\"column\">\n\t\t\t<div class=\"elementor-widget-wrap elementor-element-populated\">\n\t\t\t\t\t\t<div class=\"elementor-element elementor-element-6accfc7 elementor-widget elementor-widget-heading\" data-id=\"6accfc7\" data-element_type=\"widget\" data-e-type=\"widget\" data-widget_type=\"heading.default\">\n\t\t\t\t<div class=\"elementor-widget-container\">\n\t\t\t\t\t<h3 class=\"elementor-heading-title elementor-size-default\">Our hair salon with its friendly atmosphere\u2026<\/h3>\t\t\t\t<\/div>\n\t\t\t\t<\/div>\n\t\t\t\t<div class=\"elementor-element elementor-element-e844101 elementor-widget elementor-widget-image\" data-id=\"e844101\" data-element_type=\"widget\" data-e-type=\"widget\" data-widget_type=\"image.default\">\n\t\t\t\t<div class=\"elementor-widget-container\">\n\t\t\t\t\t\t\t\t\t\t\t\t\t\t\t<img fetchpriority=\"high\" decoding=\"async\" width=\"800\" height=\"462\" src=\"https:\/\/expression-coiffure.fr\/wp-content\/uploads\/2019\/12\/images-salon.png\" class=\"attachment-large size-large wp-image-219\" alt=\"\" srcset=\"https:\/\/expression-coiffure.fr\/wp-content\/uploads\/2019\/12\/images-salon.png 1024w, https:\/\/expression-coiffure.fr\/wp-content\/uploads\/2019\/12\/images-salon-300x173.png 300w, https:\/\/expression-coiffure.fr\/wp-content\/uploads\/2019\/12\/images-salon-768x443.png 768w\" sizes=\"(max-width: 800px) 100vw, 800px\" \/>\t\t\t\t\t\t\t\t\t\t\t\t\t\t\t<\/div>\n\t\t\t\t<\/div>\n\t\t\t\t\t<\/div>\n\t\t<\/div>\n\t\t\t\t\t<\/div>\n\t\t<\/section>\n\t\t\t\t<section class=\"elementor-section elementor-top-section elementor-element elementor-element-165f27b1 elementor-section-boxed elementor-section-height-default elementor-section-height-default\" data-id=\"165f27b1\" data-element_type=\"section\" data-e-type=\"section\">\n\t\t\t\t\t\t<div class=\"elementor-container elementor-column-gap-default\">\n\t\t\t\t\t<div class=\"elementor-column elementor-col-100 elementor-top-column elementor-element elementor-element-53fa6b46\" data-id=\"53fa6b46\" data-element_type=\"column\" data-e-type=\"column\">\n\t\t\t<div class=\"elementor-widget-wrap elementor-element-populated\">\n\t\t\t\t\t\t<div class=\"elementor-element elementor-element-7ad88aee elementor-widget elementor-widget-heading\" data-id=\"7ad88aee\" data-element_type=\"widget\" data-e-type=\"widget\" data-widget_type=\"heading.default\">\n\t\t\t\t<div class=\"elementor-widget-container\">\n\t\t\t\t\t<h3 class=\"elementor-heading-title elementor-size-default\">\u2026 is located in the heart of the village of Martillac, surrounded by Pessac-L\u00e9ognan vineyards.<\/h3>\t\t\t\t<\/div>\n\t\t\t\t<\/div>\n\t\t\t\t\t<\/div>\n\t\t<\/div>\n\t\t\t\t\t<\/div>\n\t\t<\/section>\n\t\t\t\t<\/div>","protected":false},"excerpt":{"rendered":"<p>Notre salon \u00e0 l&rsquo;ambiance chaleureuse&#8230; &#8230; se situe au c\u0153ur du village de Martillac, entour\u00e9 de vignobles Pessac-L\u00e9ognan.<\/p>","protected":false},"author":1,"featured_media":0,"parent":0,"menu_order":0,"comment_status":"closed","ping_status":"closed","template":"","meta":{"ngg_post_thumbnail":0,"footnotes":""},"class_list":["post-365","page","type-page","status-publish","hentry"],"yoast_head":"<!-- This site is optimized with the Yoast SEO plugin v27.1.1 - https:\/\/yoast.com\/product\/yoast-seo-wordpress\/ -->\n<title>Votre Salon - Expression Coiffure<\/title>\n<meta name=\"robots\" content=\"index, follow, max-snippet:-1, max-image-preview:large, max-video-preview:-1\" \/>\n<link rel=\"canonical\" href=\"https:\/\/expression-coiffure.fr\/en\/votre-salon\/\" \/>\n<meta property=\"og:locale\" content=\"en_GB\" \/>\n<meta property=\"og:type\" content=\"article\" \/>\n<meta property=\"og:title\" content=\"Votre Salon - Expression Coiffure\" \/>\n<meta property=\"og:description\" content=\"Notre salon \u00e0 l&rsquo;ambiance chaleureuse&#8230; &#8230; se situe au c\u0153ur du village de Martillac, entour\u00e9 de vignobles Pessac-L\u00e9ognan.\" \/>\n<meta property=\"og:url\" content=\"https:\/\/expression-coiffure.fr\/en\/votre-salon\/\" \/>\n<meta property=\"og:site_name\" content=\"Expression Coiffure\" \/>\n<meta property=\"article:modified_time\" content=\"2020-04-22T14:23:23+00:00\" \/>\n<meta property=\"og:image\" content=\"https:\/\/expression-coiffure.fr\/wp-content\/uploads\/2019\/12\/images-salon.png\" \/>\n\t<meta property=\"og:image:width\" content=\"1024\" \/>\n\t<meta property=\"og:image:height\" content=\"591\" \/>\n\t<meta property=\"og:image:type\" content=\"image\/png\" \/>\n<meta name=\"twitter:card\" content=\"summary_large_image\" \/>\n<script type=\"application\/ld+json\" class=\"yoast-schema-graph\">{\"@context\":\"https:\/\/schema.org\",\"@graph\":[{\"@type\":\"WebPage\",\"@id\":\"https:\/\/expression-coiffure.fr\/votre-salon\/\",\"url\":\"https:\/\/expression-coiffure.fr\/votre-salon\/\",\"name\":\"Votre Salon - Expression Coiffure\",\"isPartOf\":{\"@id\":\"https:\/\/expression-coiffure.fr\/#website\"},\"primaryImageOfPage\":{\"@id\":\"https:\/\/expression-coiffure.fr\/votre-salon\/#primaryimage\"},\"image\":{\"@id\":\"https:\/\/expression-coiffure.fr\/votre-salon\/#primaryimage\"},\"thumbnailUrl\":\"https:\/\/expression-coiffure.fr\/wp-content\/uploads\/2019\/12\/images-salon.png\",\"datePublished\":\"2020-03-18T09:15:19+00:00\",\"dateModified\":\"2020-04-22T14:23:23+00:00\",\"breadcrumb\":{\"@id\":\"https:\/\/expression-coiffure.fr\/votre-salon\/#breadcrumb\"},\"inLanguage\":\"en-GB\",\"potentialAction\":[{\"@type\":\"ReadAction\",\"target\":[\"https:\/\/expression-coiffure.fr\/votre-salon\/\"]}]},{\"@type\":\"ImageObject\",\"inLanguage\":\"en-GB\",\"@id\":\"https:\/\/expression-coiffure.fr\/votre-salon\/#primaryimage\",\"url\":\"https:\/\/expression-coiffure.fr\/wp-content\/uploads\/2019\/12\/images-salon.png\",\"contentUrl\":\"https:\/\/expression-coiffure.fr\/wp-content\/uploads\/2019\/12\/images-salon.png\"},{\"@type\":\"BreadcrumbList\",\"@id\":\"https:\/\/expression-coiffure.fr\/votre-salon\/#breadcrumb\",\"itemListElement\":[{\"@type\":\"ListItem\",\"position\":1,\"name\":\"Accueil\",\"item\":\"https:\/\/expression-coiffure.fr\/\"},{\"@type\":\"ListItem\",\"position\":2,\"name\":\"Votre Salon\"}]},{\"@type\":\"WebSite\",\"@id\":\"https:\/\/expression-coiffure.fr\/#website\",\"url\":\"https:\/\/expression-coiffure.fr\/\",\"name\":\"Expression Coiffure\",\"description\":\"Salon de coiffure \u00e0 Martillac\",\"publisher\":{\"@id\":\"https:\/\/expression-coiffure.fr\/#organization\"},\"potentialAction\":[{\"@type\":\"SearchAction\",\"target\":{\"@type\":\"EntryPoint\",\"urlTemplate\":\"https:\/\/expression-coiffure.fr\/?s={search_term_string}\"},\"query-input\":{\"@type\":\"PropertyValueSpecification\",\"valueRequired\":true,\"valueName\":\"search_term_string\"}}],\"inLanguage\":\"en-GB\"},{\"@type\":\"Organization\",\"@id\":\"https:\/\/expression-coiffure.fr\/#organization\",\"name\":\"Expression Coiffure\",\"url\":\"https:\/\/expression-coiffure.fr\/\",\"logo\":{\"@type\":\"ImageObject\",\"inLanguage\":\"en-GB\",\"@id\":\"https:\/\/expression-coiffure.fr\/#\/schema\/logo\/image\/\",\"url\":\"https:\/\/expression-coiffure.fr\/wp-content\/uploads\/2019\/12\/logo.png\",\"contentUrl\":\"https:\/\/expression-coiffure.fr\/wp-content\/uploads\/2019\/12\/logo.png\",\"width\":450,\"height\":119,\"caption\":\"Expression Coiffure\"},\"image\":{\"@id\":\"https:\/\/expression-coiffure.fr\/#\/schema\/logo\/image\/\"}}]}<\/script>\n<!-- \/ Yoast SEO plugin. -->","yoast_head_json":{"title":"Votre Salon - Expression Coiffure","robots":{"index":"index","follow":"follow","max-snippet":"max-snippet:-1","max-image-preview":"max-image-preview:large","max-video-preview":"max-video-preview:-1"},"canonical":"https:\/\/expression-coiffure.fr\/en\/votre-salon\/","og_locale":"en_GB","og_type":"article","og_title":"Votre Salon - Expression Coiffure","og_description":"Notre salon \u00e0 l&rsquo;ambiance chaleureuse&#8230; &#8230; se situe au c\u0153ur du village de Martillac, entour\u00e9 de vignobles Pessac-L\u00e9ognan.","og_url":"https:\/\/expression-coiffure.fr\/en\/votre-salon\/","og_site_name":"Expression Coiffure","article_modified_time":"2020-04-22T14:23:23+00:00","og_image":[{"width":1024,"height":591,"url":"https:\/\/expression-coiffure.fr\/wp-content\/uploads\/2019\/12\/images-salon.png","type":"image\/png"}],"twitter_card":"summary_large_image","schema":{"@context":"https:\/\/schema.org","@graph":[{"@type":"WebPage","@id":"https:\/\/expression-coiffure.fr\/votre-salon\/","url":"https:\/\/expression-coiffure.fr\/votre-salon\/","name":"Votre Salon - Expression Coiffure","isPartOf":{"@id":"https:\/\/expression-coiffure.fr\/#website"},"primaryImageOfPage":{"@id":"https:\/\/expression-coiffure.fr\/votre-salon\/#primaryimage"},"image":{"@id":"https:\/\/expression-coiffure.fr\/votre-salon\/#primaryimage"},"thumbnailUrl":"https:\/\/expression-coiffure.fr\/wp-content\/uploads\/2019\/12\/images-salon.png","datePublished":"2020-03-18T09:15:19+00:00","dateModified":"2020-04-22T14:23:23+00:00","breadcrumb":{"@id":"https:\/\/expression-coiffure.fr\/votre-salon\/#breadcrumb"},"inLanguage":"en-GB","potentialAction":[{"@type":"ReadAction","target":["https:\/\/expression-coiffure.fr\/votre-salon\/"]}]},{"@type":"ImageObject","inLanguage":"en-GB","@id":"https:\/\/expression-coiffure.fr\/votre-salon\/#primaryimage","url":"https:\/\/expression-coiffure.fr\/wp-content\/uploads\/2019\/12\/images-salon.png","contentUrl":"https:\/\/expression-coiffure.fr\/wp-content\/uploads\/2019\/12\/images-salon.png"},{"@type":"BreadcrumbList","@id":"https:\/\/expression-coiffure.fr\/votre-salon\/#breadcrumb","itemListElement":[{"@type":"ListItem","position":1,"name":"Accueil","item":"https:\/\/expression-coiffure.fr\/"},{"@type":"ListItem","position":2,"name":"Votre Salon"}]},{"@type":"WebSite","@id":"https:\/\/expression-coiffure.fr\/#website","url":"https:\/\/expression-coiffure.fr\/","name":"Expression Coiffure","description":"Salon de coiffure \u00e0 Martillac","publisher":{"@id":"https:\/\/expression-coiffure.fr\/#organization"},"potentialAction":[{"@type":"SearchAction","target":{"@type":"EntryPoint","urlTemplate":"https:\/\/expression-coiffure.fr\/?s={search_term_string}"},"query-input":{"@type":"PropertyValueSpecification","valueRequired":true,"valueName":"search_term_string"}}],"inLanguage":"en-GB"},{"@type":"Organization","@id":"https:\/\/expression-coiffure.fr\/#organization","name":"Expression Coiffure","url":"https:\/\/expression-coiffure.fr\/","logo":{"@type":"ImageObject","inLanguage":"en-GB","@id":"https:\/\/expression-coiffure.fr\/#\/schema\/logo\/image\/","url":"https:\/\/expression-coiffure.fr\/wp-content\/uploads\/2019\/12\/logo.png","contentUrl":"https:\/\/expression-coiffure.fr\/wp-content\/uploads\/2019\/12\/logo.png","width":450,"height":119,"caption":"Expression Coiffure"},"image":{"@id":"https:\/\/expression-coiffure.fr\/#\/schema\/logo\/image\/"}}]}},"_links":{"self":[{"href":"https:\/\/expression-coiffure.fr\/en\/wp-json\/wp\/v2\/pages\/365","targetHints":{"allow":["GET"]}}],"collection":[{"href":"https:\/\/expression-coiffure.fr\/en\/wp-json\/wp\/v2\/pages"}],"about":[{"href":"https:\/\/expression-coiffure.fr\/en\/wp-json\/wp\/v2\/types\/page"}],"author":[{"embeddable":true,"href":"https:\/\/expression-coiffure.fr\/en\/wp-json\/wp\/v2\/users\/1"}],"replies":[{"embeddable":true,"href":"https:\/\/expression-coiffure.fr\/en\/wp-json\/wp\/v2\/comments?post=365"}],"version-history":[{"count":10,"href":"https:\/\/expression-coiffure.fr\/en\/wp-json\/wp\/v2\/pages\/365\/revisions"}],"predecessor-version":[{"id":790,"href":"https:\/\/expression-coiffure.fr\/en\/wp-json\/wp\/v2\/pages\/365\/revisions\/790"}],"wp:attachment":[{"href":"https:\/\/expression-coiffure.fr\/en\/wp-json\/wp\/v2\/media?parent=365"}],"curies":[{"name":"wp","href":"https:\/\/api.w.org\/{rel}","templated":true}]}}