{"id":370,"date":"2020-03-18T10:27:07","date_gmt":"2020-03-18T09:27:07","guid":{"rendered":"https:\/\/expression-coiffure.fr\/?page_id=370"},"modified":"2020-05-21T12:36:17","modified_gmt":"2020-05-21T10:36:17","slug":"evenementiel","status":"publish","type":"page","link":"https:\/\/expression-coiffure.fr\/en\/evenementiel\/","title":{"rendered":"\u00c9v\u00e8nementiel"},"content":{"rendered":"<div data-elementor-type=\"wp-page\" data-elementor-id=\"370\" class=\"elementor elementor-370\" data-elementor-post-type=\"page\">\n\t\t\t\t\t\t<section class=\"elementor-section elementor-top-section elementor-element elementor-element-4639a2e elementor-section-boxed elementor-section-height-default elementor-section-height-default\" data-id=\"4639a2e\" data-element_type=\"section\" data-e-type=\"section\">\n\t\t\t\t\t\t<div class=\"elementor-container elementor-column-gap-default\">\n\t\t\t\t\t<div class=\"elementor-column elementor-col-100 elementor-top-column elementor-element elementor-element-56f2983\" data-id=\"56f2983\" data-element_type=\"column\" data-e-type=\"column\">\n\t\t\t<div class=\"elementor-widget-wrap elementor-element-populated\">\n\t\t\t\t\t\t<div class=\"elementor-element elementor-element-c9ab3db elementor-widget elementor-widget-spacer\" data-id=\"c9ab3db\" data-element_type=\"widget\" data-e-type=\"widget\" data-widget_type=\"spacer.default\">\n\t\t\t\t<div class=\"elementor-widget-container\">\n\t\t\t\t\t\t\t<div class=\"elementor-spacer\">\n\t\t\t<div class=\"elementor-spacer-inner\"><\/div>\n\t\t<\/div>\n\t\t\t\t\t\t<\/div>\n\t\t\t\t<\/div>\n\t\t\t\t\t<\/div>\n\t\t<\/div>\n\t\t\t\t\t<\/div>\n\t\t<\/section>\n\t\t\t\t<section class=\"elementor-section elementor-top-section elementor-element elementor-element-414631ab elementor-section-height-min-height elementor-section-content-middle elementor-section-items-bottom elementor-section-boxed elementor-section-height-default\" data-id=\"414631ab\" data-element_type=\"section\" data-e-type=\"section\" data-settings=\"{&quot;background_background&quot;:&quot;classic&quot;}\">\n\t\t\t\t\t\t<div class=\"elementor-container elementor-column-gap-default\">\n\t\t\t\t\t<div class=\"elementor-column elementor-col-100 elementor-top-column elementor-element elementor-element-14a04a61\" data-id=\"14a04a61\" data-element_type=\"column\" data-e-type=\"column\">\n\t\t\t<div class=\"elementor-widget-wrap elementor-element-populated\">\n\t\t\t\t\t\t<div class=\"elementor-element elementor-element-350e986 elementor-widget elementor-widget-heading\" data-id=\"350e986\" data-element_type=\"widget\" data-e-type=\"widget\" data-widget_type=\"heading.default\">\n\t\t\t\t<div class=\"elementor-widget-container\">\n\t\t\t\t\t<h2 class=\"elementor-heading-title elementor-size-default\">Expression Coiffure <\/h2>\t\t\t\t<\/div>\n\t\t\t\t<\/div>\n\t\t\t\t\t<\/div>\n\t\t<\/div>\n\t\t\t\t\t<\/div>\n\t\t<\/section>\n\t\t\t\t<section class=\"elementor-section elementor-top-section elementor-element elementor-element-3e6ab3a0 elementor-section-boxed elementor-section-height-default elementor-section-height-default\" data-id=\"3e6ab3a0\" data-element_type=\"section\" data-e-type=\"section\">\n\t\t\t\t\t\t<div class=\"elementor-container elementor-column-gap-default\">\n\t\t\t\t\t<div class=\"elementor-column elementor-col-100 elementor-top-column elementor-element elementor-element-29af5b23\" data-id=\"29af5b23\" data-element_type=\"column\" data-e-type=\"column\">\n\t\t\t<div class=\"elementor-widget-wrap elementor-element-populated\">\n\t\t\t\t\t\t<section class=\"elementor-section elementor-inner-section elementor-element elementor-element-a5785bf elementor-section-boxed elementor-section-height-default elementor-section-height-default\" data-id=\"a5785bf\" data-element_type=\"section\" data-e-type=\"section\">\n\t\t\t\t\t\t<div class=\"elementor-container elementor-column-gap-default\">\n\t\t\t\t\t<div class=\"elementor-column elementor-col-50 elementor-inner-column elementor-element elementor-element-e4008b7\" data-id=\"e4008b7\" data-element_type=\"column\" data-e-type=\"column\">\n\t\t\t<div class=\"elementor-widget-wrap elementor-element-populated\">\n\t\t\t\t\t\t<div class=\"elementor-element elementor-element-15dd0552 elementor-widget elementor-widget-heading\" data-id=\"15dd0552\" data-element_type=\"widget\" data-e-type=\"widget\" data-widget_type=\"heading.default\">\n\t\t\t\t<div class=\"elementor-widget-container\">\n\t\t\t\t\t<h3 class=\"elementor-heading-title elementor-size-default\">The event \u2026\n<\/h3>\t\t\t\t<\/div>\n\t\t\t\t<\/div>\n\t\t\t\t<div class=\"elementor-element elementor-element-c9795d1 elementor-widget-divider--view-line elementor-widget elementor-widget-divider\" data-id=\"c9795d1\" data-element_type=\"widget\" data-e-type=\"widget\" data-widget_type=\"divider.default\">\n\t\t\t\t<div class=\"elementor-widget-container\">\n\t\t\t\t\t\t\t<div class=\"elementor-divider\">\n\t\t\t<span class=\"elementor-divider-separator\">\n\t\t\t\t\t\t<\/span>\n\t\t<\/div>\n\t\t\t\t\t\t<\/div>\n\t\t\t\t<\/div>\n\t\t\t\t<div class=\"elementor-element elementor-element-d37e257 elementor-widget elementor-widget-spacer\" data-id=\"d37e257\" data-element_type=\"widget\" data-e-type=\"widget\" data-widget_type=\"spacer.default\">\n\t\t\t\t<div class=\"elementor-widget-container\">\n\t\t\t\t\t\t\t<div class=\"elementor-spacer\">\n\t\t\t<div class=\"elementor-spacer-inner\"><\/div>\n\t\t<\/div>\n\t\t\t\t\t\t<\/div>\n\t\t\t\t<\/div>\n\t\t\t\t<div class=\"elementor-element elementor-element-5804056 elementor-widget elementor-widget-text-editor\" data-id=\"5804056\" data-element_type=\"widget\" data-e-type=\"widget\" data-widget_type=\"text-editor.default\">\n\t\t\t\t<div class=\"elementor-widget-container\">\n\t\t\t\t\t\t\t\t\t<p>Each meeting is a UNIQUE moment and it is to the unique woman, with her sensitivity, fragility and personality that I speak to !<\/p><p>It is in each of these moments, all different from one another, that I live my passion\u2026<\/p><p>Hairstyles can be done at the hair salon or directly at the wedding reception venue.<\/p><p>\u201cMake-up\u201d in partnership.<\/p>\t\t\t\t\t\t\t\t<\/div>\n\t\t\t\t<\/div>\n\t\t\t\t<div class=\"elementor-element elementor-element-2890f493 elementor-widget elementor-widget-heading\" data-id=\"2890f493\" data-element_type=\"widget\" data-e-type=\"widget\" data-widget_type=\"heading.default\">\n\t\t\t\t<div class=\"elementor-widget-container\">\n\t\t\t\t\t<h3 class=\"elementor-heading-title elementor-size-default\">Please feel free to contact us to share your project and get further information.<\/h3>\t\t\t\t<\/div>\n\t\t\t\t<\/div>\n\t\t\t\t\t<\/div>\n\t\t<\/div>\n\t\t\t\t<div class=\"elementor-column elementor-col-50 elementor-inner-column elementor-element elementor-element-0a04b49\" data-id=\"0a04b49\" data-element_type=\"column\" data-e-type=\"column\">\n\t\t\t<div class=\"elementor-widget-wrap elementor-element-populated\">\n\t\t\t\t\t\t<div class=\"elementor-element elementor-element-6f44ea7 elementor-widget elementor-widget-image\" data-id=\"6f44ea7\" data-element_type=\"widget\" data-e-type=\"widget\" data-widget_type=\"image.default\">\n\t\t\t\t<div class=\"elementor-widget-container\">\n\t\t\t\t\t\t\t\t\t\t\t\t\t\t\t<img fetchpriority=\"high\" decoding=\"async\" width=\"687\" height=\"1030\" src=\"https:\/\/expression-coiffure.fr\/wp-content\/uploads\/2020\/03\/Louise-Valentine-17-687x1030.jpg\" class=\"attachment-large size-large wp-image-397\" alt=\"\" srcset=\"https:\/\/expression-coiffure.fr\/wp-content\/uploads\/2020\/03\/Louise-Valentine-17-687x1030.jpg 687w, https:\/\/expression-coiffure.fr\/wp-content\/uploads\/2020\/03\/Louise-Valentine-17-200x300.jpg 200w, https:\/\/expression-coiffure.fr\/wp-content\/uploads\/2020\/03\/Louise-Valentine-17-768x1152.jpg 768w\" sizes=\"(max-width: 687px) 100vw, 687px\" \/>\t\t\t\t\t\t\t\t\t\t\t\t\t\t\t<\/div>\n\t\t\t\t<\/div>\n\t\t\t\t\t<\/div>\n\t\t<\/div>\n\t\t\t\t\t<\/div>\n\t\t<\/section>\n\t\t\t\t<div class=\"elementor-element elementor-element-4680acd1 elementor-widget elementor-widget-spacer\" data-id=\"4680acd1\" data-element_type=\"widget\" data-e-type=\"widget\" data-widget_type=\"spacer.default\">\n\t\t\t\t<div class=\"elementor-widget-container\">\n\t\t\t\t\t\t\t<div class=\"elementor-spacer\">\n\t\t\t<div class=\"elementor-spacer-inner\"><\/div>\n\t\t<\/div>\n\t\t\t\t\t\t<\/div>\n\t\t\t\t<\/div>\n\t\t\t\t\t<\/div>\n\t\t<\/div>\n\t\t\t\t\t<\/div>\n\t\t<\/section>\n\t\t\t\t<\/div>","protected":false},"excerpt":{"rendered":"<p>Expression Coiffure L&rsquo;\u00e9v\u00e9nementiel&#8230; Chaque rencontre est un moment unique, et c\u2019est \u00e0 la femme avec sa sensibilit\u00e9, sa fragilit\u00e9 et sa personnalit\u00e9 que je m\u2019adresse. C\u2019est dans chacun de ces instants, tous diff\u00e9rents chaque fois, que je vis ma passion\u2026 Coiffure en salon ou sur le lieu de votre \u00e9v\u00e9nement. \u00ab Maquillage \u00bb en partenariat. [&hellip;]<\/p>\n","protected":false},"author":1,"featured_media":0,"parent":0,"menu_order":0,"comment_status":"closed","ping_status":"closed","template":"","meta":{"ngg_post_thumbnail":0,"footnotes":""},"class_list":["post-370","page","type-page","status-publish","hentry"],"yoast_head":"<!-- This site is optimized with the Yoast SEO plugin v27.1.1 - https:\/\/yoast.com\/product\/yoast-seo-wordpress\/ -->\n<title>\u00c9v\u00e8nementiel - Expression Coiffure<\/title>\n<meta name=\"robots\" content=\"index, follow, max-snippet:-1, max-image-preview:large, max-video-preview:-1\" \/>\n<link rel=\"canonical\" href=\"https:\/\/expression-coiffure.fr\/en\/evenementiel\/\" \/>\n<meta property=\"og:locale\" content=\"en_GB\" \/>\n<meta property=\"og:type\" content=\"article\" \/>\n<meta property=\"og:title\" content=\"\u00c9v\u00e8nementiel - Expression Coiffure\" \/>\n<meta property=\"og:description\" content=\"Expression Coiffure L&rsquo;\u00e9v\u00e9nementiel&#8230; Chaque rencontre est un moment unique, et c\u2019est \u00e0 la femme avec sa sensibilit\u00e9, sa fragilit\u00e9 et sa personnalit\u00e9 que je m\u2019adresse. C\u2019est dans chacun de ces instants, tous diff\u00e9rents chaque fois, que je vis ma passion\u2026 Coiffure en salon ou sur le lieu de votre \u00e9v\u00e9nement. \u00ab Maquillage \u00bb en partenariat. [&hellip;]\" \/>\n<meta property=\"og:url\" content=\"https:\/\/expression-coiffure.fr\/en\/evenementiel\/\" \/>\n<meta property=\"og:site_name\" content=\"Expression Coiffure\" \/>\n<meta property=\"article:modified_time\" content=\"2020-05-21T10:36:17+00:00\" \/>\n<meta property=\"og:image\" content=\"https:\/\/expression-coiffure.fr\/wp-content\/uploads\/2020\/03\/Louise-Valentine-17-687x1030.jpg\" \/>\n\t<meta property=\"og:image:width\" content=\"687\" \/>\n\t<meta property=\"og:image:height\" content=\"1030\" \/>\n\t<meta property=\"og:image:type\" content=\"image\/jpeg\" \/>\n<meta name=\"twitter:card\" content=\"summary_large_image\" \/>\n<script type=\"application\/ld+json\" class=\"yoast-schema-graph\">{\"@context\":\"https:\/\/schema.org\",\"@graph\":[{\"@type\":\"WebPage\",\"@id\":\"https:\/\/expression-coiffure.fr\/evenementiel\/\",\"url\":\"https:\/\/expression-coiffure.fr\/evenementiel\/\",\"name\":\"\u00c9v\u00e8nementiel - Expression Coiffure\",\"isPartOf\":{\"@id\":\"https:\/\/expression-coiffure.fr\/#website\"},\"primaryImageOfPage\":{\"@id\":\"https:\/\/expression-coiffure.fr\/evenementiel\/#primaryimage\"},\"image\":{\"@id\":\"https:\/\/expression-coiffure.fr\/evenementiel\/#primaryimage\"},\"thumbnailUrl\":\"https:\/\/expression-coiffure.fr\/wp-content\/uploads\/2020\/03\/Louise-Valentine-17-687x1030.jpg\",\"datePublished\":\"2020-03-18T09:27:07+00:00\",\"dateModified\":\"2020-05-21T10:36:17+00:00\",\"breadcrumb\":{\"@id\":\"https:\/\/expression-coiffure.fr\/evenementiel\/#breadcrumb\"},\"inLanguage\":\"en-GB\",\"potentialAction\":[{\"@type\":\"ReadAction\",\"target\":[\"https:\/\/expression-coiffure.fr\/evenementiel\/\"]}]},{\"@type\":\"ImageObject\",\"inLanguage\":\"en-GB\",\"@id\":\"https:\/\/expression-coiffure.fr\/evenementiel\/#primaryimage\",\"url\":\"https:\/\/expression-coiffure.fr\/wp-content\/uploads\/2020\/03\/Louise-Valentine-17-687x1030.jpg\",\"contentUrl\":\"https:\/\/expression-coiffure.fr\/wp-content\/uploads\/2020\/03\/Louise-Valentine-17-687x1030.jpg\"},{\"@type\":\"BreadcrumbList\",\"@id\":\"https:\/\/expression-coiffure.fr\/evenementiel\/#breadcrumb\",\"itemListElement\":[{\"@type\":\"ListItem\",\"position\":1,\"name\":\"Accueil\",\"item\":\"https:\/\/expression-coiffure.fr\/\"},{\"@type\":\"ListItem\",\"position\":2,\"name\":\"\u00c9v\u00e8nementiel\"}]},{\"@type\":\"WebSite\",\"@id\":\"https:\/\/expression-coiffure.fr\/#website\",\"url\":\"https:\/\/expression-coiffure.fr\/\",\"name\":\"Expression Coiffure\",\"description\":\"Salon de coiffure \u00e0 Martillac\",\"publisher\":{\"@id\":\"https:\/\/expression-coiffure.fr\/#organization\"},\"potentialAction\":[{\"@type\":\"SearchAction\",\"target\":{\"@type\":\"EntryPoint\",\"urlTemplate\":\"https:\/\/expression-coiffure.fr\/?s={search_term_string}\"},\"query-input\":{\"@type\":\"PropertyValueSpecification\",\"valueRequired\":true,\"valueName\":\"search_term_string\"}}],\"inLanguage\":\"en-GB\"},{\"@type\":\"Organization\",\"@id\":\"https:\/\/expression-coiffure.fr\/#organization\",\"name\":\"Expression Coiffure\",\"url\":\"https:\/\/expression-coiffure.fr\/\",\"logo\":{\"@type\":\"ImageObject\",\"inLanguage\":\"en-GB\",\"@id\":\"https:\/\/expression-coiffure.fr\/#\/schema\/logo\/image\/\",\"url\":\"https:\/\/expression-coiffure.fr\/wp-content\/uploads\/2019\/12\/logo.png\",\"contentUrl\":\"https:\/\/expression-coiffure.fr\/wp-content\/uploads\/2019\/12\/logo.png\",\"width\":450,\"height\":119,\"caption\":\"Expression Coiffure\"},\"image\":{\"@id\":\"https:\/\/expression-coiffure.fr\/#\/schema\/logo\/image\/\"}}]}<\/script>\n<!-- \/ Yoast SEO plugin. -->","yoast_head_json":{"title":"\u00c9v\u00e8nementiel - Expression Coiffure","robots":{"index":"index","follow":"follow","max-snippet":"max-snippet:-1","max-image-preview":"max-image-preview:large","max-video-preview":"max-video-preview:-1"},"canonical":"https:\/\/expression-coiffure.fr\/en\/evenementiel\/","og_locale":"en_GB","og_type":"article","og_title":"\u00c9v\u00e8nementiel - Expression Coiffure","og_description":"Expression Coiffure L&rsquo;\u00e9v\u00e9nementiel&#8230; Chaque rencontre est un moment unique, et c\u2019est \u00e0 la femme avec sa sensibilit\u00e9, sa fragilit\u00e9 et sa personnalit\u00e9 que je m\u2019adresse. C\u2019est dans chacun de ces instants, tous diff\u00e9rents chaque fois, que je vis ma passion\u2026 Coiffure en salon ou sur le lieu de votre \u00e9v\u00e9nement. \u00ab Maquillage \u00bb en partenariat. [&hellip;]","og_url":"https:\/\/expression-coiffure.fr\/en\/evenementiel\/","og_site_name":"Expression Coiffure","article_modified_time":"2020-05-21T10:36:17+00:00","og_image":[{"width":687,"height":1030,"url":"https:\/\/expression-coiffure.fr\/wp-content\/uploads\/2020\/03\/Louise-Valentine-17-687x1030.jpg","type":"image\/jpeg"}],"twitter_card":"summary_large_image","schema":{"@context":"https:\/\/schema.org","@graph":[{"@type":"WebPage","@id":"https:\/\/expression-coiffure.fr\/evenementiel\/","url":"https:\/\/expression-coiffure.fr\/evenementiel\/","name":"\u00c9v\u00e8nementiel - Expression Coiffure","isPartOf":{"@id":"https:\/\/expression-coiffure.fr\/#website"},"primaryImageOfPage":{"@id":"https:\/\/expression-coiffure.fr\/evenementiel\/#primaryimage"},"image":{"@id":"https:\/\/expression-coiffure.fr\/evenementiel\/#primaryimage"},"thumbnailUrl":"https:\/\/expression-coiffure.fr\/wp-content\/uploads\/2020\/03\/Louise-Valentine-17-687x1030.jpg","datePublished":"2020-03-18T09:27:07+00:00","dateModified":"2020-05-21T10:36:17+00:00","breadcrumb":{"@id":"https:\/\/expression-coiffure.fr\/evenementiel\/#breadcrumb"},"inLanguage":"en-GB","potentialAction":[{"@type":"ReadAction","target":["https:\/\/expression-coiffure.fr\/evenementiel\/"]}]},{"@type":"ImageObject","inLanguage":"en-GB","@id":"https:\/\/expression-coiffure.fr\/evenementiel\/#primaryimage","url":"https:\/\/expression-coiffure.fr\/wp-content\/uploads\/2020\/03\/Louise-Valentine-17-687x1030.jpg","contentUrl":"https:\/\/expression-coiffure.fr\/wp-content\/uploads\/2020\/03\/Louise-Valentine-17-687x1030.jpg"},{"@type":"BreadcrumbList","@id":"https:\/\/expression-coiffure.fr\/evenementiel\/#breadcrumb","itemListElement":[{"@type":"ListItem","position":1,"name":"Accueil","item":"https:\/\/expression-coiffure.fr\/"},{"@type":"ListItem","position":2,"name":"\u00c9v\u00e8nementiel"}]},{"@type":"WebSite","@id":"https:\/\/expression-coiffure.fr\/#website","url":"https:\/\/expression-coiffure.fr\/","name":"Expression Coiffure","description":"Salon de coiffure \u00e0 Martillac","publisher":{"@id":"https:\/\/expression-coiffure.fr\/#organization"},"potentialAction":[{"@type":"SearchAction","target":{"@type":"EntryPoint","urlTemplate":"https:\/\/expression-coiffure.fr\/?s={search_term_string}"},"query-input":{"@type":"PropertyValueSpecification","valueRequired":true,"valueName":"search_term_string"}}],"inLanguage":"en-GB"},{"@type":"Organization","@id":"https:\/\/expression-coiffure.fr\/#organization","name":"Expression Coiffure","url":"https:\/\/expression-coiffure.fr\/","logo":{"@type":"ImageObject","inLanguage":"en-GB","@id":"https:\/\/expression-coiffure.fr\/#\/schema\/logo\/image\/","url":"https:\/\/expression-coiffure.fr\/wp-content\/uploads\/2019\/12\/logo.png","contentUrl":"https:\/\/expression-coiffure.fr\/wp-content\/uploads\/2019\/12\/logo.png","width":450,"height":119,"caption":"Expression Coiffure"},"image":{"@id":"https:\/\/expression-coiffure.fr\/#\/schema\/logo\/image\/"}}]}},"_links":{"self":[{"href":"https:\/\/expression-coiffure.fr\/en\/wp-json\/wp\/v2\/pages\/370","targetHints":{"allow":["GET"]}}],"collection":[{"href":"https:\/\/expression-coiffure.fr\/en\/wp-json\/wp\/v2\/pages"}],"about":[{"href":"https:\/\/expression-coiffure.fr\/en\/wp-json\/wp\/v2\/types\/page"}],"author":[{"embeddable":true,"href":"https:\/\/expression-coiffure.fr\/en\/wp-json\/wp\/v2\/users\/1"}],"replies":[{"embeddable":true,"href":"https:\/\/expression-coiffure.fr\/en\/wp-json\/wp\/v2\/comments?post=370"}],"version-history":[{"count":22,"href":"https:\/\/expression-coiffure.fr\/en\/wp-json\/wp\/v2\/pages\/370\/revisions"}],"predecessor-version":[{"id":1193,"href":"https:\/\/expression-coiffure.fr\/en\/wp-json\/wp\/v2\/pages\/370\/revisions\/1193"}],"wp:attachment":[{"href":"https:\/\/expression-coiffure.fr\/en\/wp-json\/wp\/v2\/media?parent=370"}],"curies":[{"name":"wp","href":"https:\/\/api.w.org\/{rel}","templated":true}]}}